{"id":1385,"date":"2013-08-11T19:22:53","date_gmt":"2013-08-11T17:22:53","guid":{"rendered":"https:\/\/webshop.mufogsor.com\/contact\/"},"modified":"2023-10-13T15:23:53","modified_gmt":"2023-10-13T13:23:53","slug":"contact","status":"publish","type":"page","link":"https:\/\/webshop.mufogsor.com\/en\/contact\/","title":{"rendered":"Contact"},"content":{"rendered":"<div class=\"row\"  id=\"row-937441565\">\n\n\t<div id=\"col-287024236\" class=\"col medium-6 large-6\"  >\n\t\t<div class=\"col-inner\"  >\n\t\t\t\n\t\t\t\n<p><iframe style=\"border: 0;\" src=\"https:\/\/www.google.com\/maps\/embed?pb=!1m18!1m12!1m3!1d2712.870164721733!2d18.95469685121739!3d47.160397226585175!2m3!1f0!2f0!3f0!3m2!1i1024!2i768!4f13.1!3m3!1m2!1s0x4741f7b1fd92b2cb%3A0x7021dde604cb66f1!2zUsOhY2tldmUsIFZhc3bDoXJpIFDDoWwgdS4gMTgsIDIzMDA!5e0!3m2!1sen!2shu!4v1642244610839!5m2!1sen!2shu\" width=\"100%\" height=\"450\" allowfullscreen=\"allowfullscreen\"><\/iframe><\/p>\n\t\t<\/div>\n\t\t\t<\/div>\n\n\t\n\n\t<div id=\"col-1640896911\" class=\"col medium-6 large-6\"  >\n\t\t<div class=\"col-inner\"  >\n\t\t\t\n\t\t\t\n<h3>Address<\/h3>\n<p>2300 R\u00e1ckeve, Vasv\u00e1ri P\u00e1l u 18\/A.<\/p>\n<h3>Phone<\/h3>\n<p>+36 (70) 300-9844<\/p>\n<h3>E-mail<\/h3>\n<p>info@mufogsor.com<\/p>\n<h3>Customer Service<\/h3>\n<p>Mon &#8211; Fri: 10:00 &#8211; 16:00<br \/>\nSat: closed<br \/>\nSun: closed<\/p>\n\t\t<\/div>\n\t\t\t<\/div>\n\n\t\n<div class=\"row\"  id=\"row-2076030758\"><\/div>\n<div class=\"row\"  id=\"row-1182310108\"><\/div>\n\n\t<div id=\"col-1914223763\" class=\"col medium-6 large-6\"  >\n\t\t<div class=\"col-inner\"  >\n\t\t\t\n\t\t\t\n<div class=\"container section-title-container\" ><h3 class=\"section-title section-title-normal\"><b><\/b><span class=\"section-title-main\" >FAQ<\/span><b><\/b><\/h3><\/div>\n<p class=\"lead\">Before contacting us, read the frequently asked questions.<\/p>\n<div class=\"accordion\" rel=\"\">\n<div class=\"accordion-item\"><a href=\"#\" class=\"accordion-title plain\"><button class=\"toggle\"><i class=\"icon-angle-down\"><\/i><\/button><span>Where can I collect my order in person?<\/span><\/a><div class=\"accordion-inner\">\n<div id=\"collapse297\" class=\"panel-collapse collapse in\" role=\"tabpanel\" aria-labelledby=\"heading297\" aria-expanded=\"true\">\n<div class=\"panel-body\">\n<p>Personal collection is currently not possible.<\/p>\n<p>The package is delivered by GLS Courier Service to the address specified or indicated by you.<\/p>\n<\/div>\n<\/div>\n<\/div><\/div>\n<div class=\"accordion-item\"><a href=\"#\" class=\"accordion-title plain\"><button class=\"toggle\"><i class=\"icon-angle-down\"><\/i><\/button><span>Information about GLS delivery<\/span><\/a><div class=\"accordion-inner\">\n<div id=\"collapse860\" class=\"panel-collapse collapse in\" role=\"tabpanel\" aria-labelledby=\"heading860\" aria-expanded=\"true\">\n<div class=\"panel-body\">\n<p>The package will be delivered by GLS Courier Service to the address you specified within 2-3 working days after dispatch.<\/p>\n<p>The delivery is made by GLS Courier, the delivery to the address takes place on working days, from Monday to Friday, between 08:00 and 17:00. You can discuss the delivery time with the GLS Courier, who will notify you in advance of the delivery time.<\/p>\n<p><strong>Important: <\/strong>Before receiving the package, you must always make sure that the package is intact.<\/p>\n<\/div>\n<\/div>\n<\/div><\/div>\n<div class=\"accordion-item\"><a href=\"#\" class=\"accordion-title plain\"><button class=\"toggle\"><i class=\"icon-angle-down\"><\/i><\/button><span>When will I receive the invoice for my order?<\/span><\/a><div class=\"accordion-inner\">\n<p>If you pay by credit card, we will immediately send the electronic invoice to the specified e-mail address after payment.<\/p>\n<\/div><\/div>\n<\/div>\n\t\t<\/div>\n\t\t\t<\/div>\n\n\t\n\n\t<div id=\"col-1743759393\" class=\"col medium-6 large-6\"  >\n\t\t<div class=\"col-inner\"  >\n\t\t\t\n\t\t\t\n<div class=\"container section-title-container\" ><h3 class=\"section-title section-title-normal\"><b><\/b><span class=\"section-title-main\" >Do you have a question?<\/span><b><\/b><\/h3><\/div>\n\n<div class=\"wpcf7 no-js\" id=\"wpcf7-f1393-o1\" lang=\"hu-HU\" dir=\"ltr\" data-wpcf7-id=\"1393\">\n<div class=\"screen-reader-response\"><p role=\"status\" aria-live=\"polite\" aria-atomic=\"true\"><\/p> <ul><\/ul><\/div>\n<form action=\"\/en\/wp-json\/wp\/v2\/pages\/1385#wpcf7-f1393-o1\" method=\"post\" class=\"wpcf7-form init\" aria-label=\"Kapcsolatfelv\u00e9teli \u0171rlap\" novalidate=\"novalidate\" data-status=\"init\">\n<fieldset class=\"hidden-fields-container\"><input type=\"hidden\" name=\"_wpcf7\" value=\"1393\" \/><input type=\"hidden\" name=\"_wpcf7_version\" value=\"6.1.6\" \/><input type=\"hidden\" name=\"_wpcf7_locale\" value=\"hu_HU\" \/><input type=\"hidden\" name=\"_wpcf7_unit_tag\" value=\"wpcf7-f1393-o1\" \/><input type=\"hidden\" name=\"_wpcf7_container_post\" value=\"0\" \/><input type=\"hidden\" name=\"_wpcf7_posted_data_hash\" value=\"\" \/>\n<\/fieldset>\n<p><span class=\"wpcf7-form-control-wrap\" data-name=\"your-name\"><input size=\"40\" maxlength=\"400\" class=\"wpcf7-form-control wpcf7-text wpcf7-validates-as-required\" aria-required=\"true\" aria-invalid=\"false\" placeholder=\"Name*\" value=\"\" type=\"text\" name=\"your-name\" \/><\/span>\n<\/p>\n<p><span class=\"wpcf7-form-control-wrap\" data-name=\"your-email\"><input size=\"40\" maxlength=\"400\" class=\"wpcf7-form-control wpcf7-email wpcf7-validates-as-required wpcf7-text wpcf7-validates-as-email\" aria-required=\"true\" aria-invalid=\"false\" placeholder=\"E-mail*\" value=\"\" type=\"email\" name=\"your-email\" \/><\/span>\n<\/p>\n<p><span class=\"wpcf7-form-control-wrap\" data-name=\"your-subject\"><input size=\"40\" maxlength=\"400\" class=\"wpcf7-form-control wpcf7-text wpcf7-validates-as-required\" aria-required=\"true\" aria-invalid=\"false\" placeholder=\"Subject*\" value=\"\" type=\"text\" name=\"your-subject\" \/><\/span>\n<\/p>\n<p><span class=\"wpcf7-form-control-wrap\" data-name=\"your-message\"><textarea cols=\"40\" rows=\"10\" maxlength=\"2000\" class=\"wpcf7-form-control wpcf7-textarea\" aria-invalid=\"false\" placeholder=\"How can we help you?\" name=\"your-message\"><\/textarea><\/span>\n<\/p>\n<p><span class=\"wpcf7-form-control-wrap\" data-name=\"acceptance\"><span class=\"wpcf7-form-control wpcf7-acceptance\"><span class=\"wpcf7-list-item\"><label><input type=\"checkbox\" name=\"acceptance\" value=\"1\" aria-invalid=\"false\" \/><span class=\"wpcf7-list-item-label\">I declare that I have read the <a href=\"https:\/\/webshop.mufogsor.com\/en\/privacy-policy\/\" target=\"_blank\">privacy policy<\/a> available on the website and have understood its contents, I consent to the processing of my personal data I gave.<\/span><\/label><\/span><\/span><\/span>\n<\/p>\n<p><input class=\"wpcf7-form-control wpcf7-submit has-spinner button\" type=\"submit\" value=\"Send\" \/>\n<\/p><div class=\"wpcf7-response-output\" aria-hidden=\"true\"><\/div>\n<\/form>\n<\/div>\n\n\t\t<\/div>\n\t\t\t<\/div>\n\n\t\n<\/div>\n","protected":false},"excerpt":{"rendered":"","protected":false},"author":1,"featured_media":1339,"parent":0,"menu_order":11,"comment_status":"closed","ping_status":"closed","template":"page-blank-title-center.php","meta":{"footnotes":""},"class_list":["post-1385","page","type-page","status-publish","has-post-thumbnail","hentry"],"_links":{"self":[{"href":"https:\/\/webshop.mufogsor.com\/en\/wp-json\/wp\/v2\/pages\/1385","targetHints":{"allow":["GET"]}}],"collection":[{"href":"https:\/\/webshop.mufogsor.com\/en\/wp-json\/wp\/v2\/pages"}],"about":[{"href":"https:\/\/webshop.mufogsor.com\/en\/wp-json\/wp\/v2\/types\/page"}],"author":[{"embeddable":true,"href":"https:\/\/webshop.mufogsor.com\/en\/wp-json\/wp\/v2\/users\/1"}],"replies":[{"embeddable":true,"href":"https:\/\/webshop.mufogsor.com\/en\/wp-json\/wp\/v2\/comments?post=1385"}],"version-history":[{"count":3,"href":"https:\/\/webshop.mufogsor.com\/en\/wp-json\/wp\/v2\/pages\/1385\/revisions"}],"predecessor-version":[{"id":1394,"href":"https:\/\/webshop.mufogsor.com\/en\/wp-json\/wp\/v2\/pages\/1385\/revisions\/1394"}],"wp:featuredmedia":[{"embeddable":true,"href":"https:\/\/webshop.mufogsor.com\/en\/wp-json\/wp\/v2\/media\/1339"}],"wp:attachment":[{"href":"https:\/\/webshop.mufogsor.com\/en\/wp-json\/wp\/v2\/media?parent=1385"}],"curies":[{"name":"wp","href":"https:\/\/api.w.org\/{rel}","templated":true}]}}