{"id":2001,"date":"2025-08-16T19:39:20","date_gmt":"2025-08-16T17:39:20","guid":{"rendered":"https:\/\/webshop.mufogsor.com\/termek\/anatomy-background-for-bps-semcd-dentures\/"},"modified":"2025-08-16T21:32:33","modified_gmt":"2025-08-16T19:32:33","slug":"anatomy-background-for-bps-semcd-dentures","status":"publish","type":"product","link":"https:\/\/webshop.mufogsor.com\/en\/product\/anatomy-background-for-bps-semcd-dentures\/","title":{"rendered":"Anatomy background for BPS-SEMCD dentures"},"content":{"rendered":"<p>This album, the brainchild of the authors, Dr. Bal\u00e1zs Szab\u00f3, senior lecturer (SZTE-FOK) and J\u00f3zsef R\u00e1tonyi (IndividuArt Studio), dental technician, creates a new genre: practical prosthetic anatomy. It deals with the anatomical areas, formulas and interrelationships always from the point of view of the given goal, in this case the production of removable complete dentures. It includes elements from all three classical anatomical sciences, i.e. descriptive, regional, but also clinical anatomy. The book attempts to mention the results of recent research in Europe, Japan and the United States, which are laying the foundations for new methods of making removable dentures.<\/p>\n<p>As the album specifically examines the edentulous human masticatory apparatus from the point of view of the fabrication of removable disc prostheses, the notations and descriptions are not exhaustive! An understanding of the work assumes the reader has a sound knowledge of anatomy, both descriptive and clinical.<\/p>\n<p>The motto of the publication is a well-known saying of Dr. G\u00e9za Pr\u00e1gai in academic circles:<br \/>\n\u201eHe who can see the muscles and bones beneath the mucous membrane can make a good den-ture.&#8221;<\/p>\n","protected":false},"excerpt":{"rendered":"<pre>ENGLISH EDITION<\/pre>\n<p>This album, the brainchild of the authors, Dr. Bal\u00e1zs Szab\u00f3, senior lecturer (SZTE-FOK) and J\u00f3zsef R\u00e1tonyi (IndividuArt Studio), dental technician, creates a new genre: practical prosthetic anatomy.<\/p>\n","protected":false},"featured_media":2049,"template":"","meta":[],"product_brand":[],"product_cat":[118],"product_tag":[],"class_list":{"0":"post-2001","1":"product","2":"type-product","3":"status-publish","4":"has-post-thumbnail","6":"product_cat-books","7":"product_shipping_class-album-csomagolas-en","9":"first","10":"instock","11":"taxable","12":"shipping-taxable","13":"purchasable","14":"product-type-simple"},"_links":{"self":[{"href":"https:\/\/webshop.mufogsor.com\/en\/wp-json\/wp\/v2\/product\/2001","targetHints":{"allow":["GET"]}}],"collection":[{"href":"https:\/\/webshop.mufogsor.com\/en\/wp-json\/wp\/v2\/product"}],"about":[{"href":"https:\/\/webshop.mufogsor.com\/en\/wp-json\/wp\/v2\/types\/product"}],"wp:featuredmedia":[{"embeddable":true,"href":"https:\/\/webshop.mufogsor.com\/en\/wp-json\/wp\/v2\/media\/2049"}],"wp:attachment":[{"href":"https:\/\/webshop.mufogsor.com\/en\/wp-json\/wp\/v2\/media?parent=2001"}],"wp:term":[{"taxonomy":"product_brand","embeddable":true,"href":"https:\/\/webshop.mufogsor.com\/en\/wp-json\/wp\/v2\/product_brand?post=2001"},{"taxonomy":"product_cat","embeddable":true,"href":"https:\/\/webshop.mufogsor.com\/en\/wp-json\/wp\/v2\/product_cat?post=2001"},{"taxonomy":"product_tag","embeddable":true,"href":"https:\/\/webshop.mufogsor.com\/en\/wp-json\/wp\/v2\/product_tag?post=2001"}],"curies":[{"name":"wp","href":"https:\/\/api.w.org\/{rel}","templated":true}]}}